{"id":3,"date":"2021-11-01T17:05:48","date_gmt":"2021-11-01T16:05:48","guid":{"rendered":"https:\/\/www.lucarulvoni.it\/ottimizzazione-siti-web-wordpress\/?page_id=3"},"modified":"2021-11-03T12:00:37","modified_gmt":"2021-11-03T11:00:37","slug":"privacy-policy","status":"publish","type":"page","link":"https:\/\/www.lucarulvoni.it\/ottimizzazione-siti-web-wordpress\/privacy-policy\/","title":{"rendered":"Privacy policy"},"content":{"rendered":"<p>[et_pb_section fb_built=\"1\" _builder_version=\"4.11.2\" _module_preset=\"default\"][et_pb_row _builder_version=\"4.11.2\" _module_preset=\"default\"][et_pb_column _builder_version=\"4.11.2\" _module_preset=\"default\" type=\"4_4\"][et_pb_text _builder_version=\"4.11.2\" _module_preset=\"default\" hover_enabled=\"0\" sticky_enabled=\"0\"]<\/p>\n<h2>Privacy Policy<\/h2>\n<h3 align=\"justify\">INFORMATIVA IN MATERIA DI PROTEZIONE DEI DATI PERSONALI<\/h3>\n<p align=\"justify\">Forniamo alcune informazioni relative al trattamento dei Suoi Dati Personali, non solo per ottemperare agli obblighi di legge, ma anche perch\u00e9 la trasparenza e la correttezza sono parte fondante della attivit\u00e0 della SAITEK SAS , anche \u00a0in seno al GDPR 679\/2016.<\/p>\n<p align=\"justify\">SI INFORMANO GLI UTENTI:<\/p>\n<p align=\"justify\">che i dati verranno trattati in accordo alle disposizioni legislative della normativa sopra richiamata e degli obblighi di riservatezza ivi previsti secondo i principi di correttezza, liceit\u00e0, trasparenza e di tutela.<\/p>\n<p align=\"justify\">BASE GIURIDICA<\/p>\n<p align=\"justify\">L\u2019elaborazione dei dati del cliente si basa sul consenso fornito direttamente dallo stesso, tramite iscrizione al sito e iscrizione alla newsletter. L\u2019elaborazione si rende necessaria \u00a0per consentire la conclusione del servizio richiesto, o \u00a0l\u2019uso o la consultazione del \u00a0sito www.lucarulvoni.it da parte di visitatori e utenti che approvano esplicitamente la presente informativa privacy e acconsentono al trattamento dei loro dati personali. Tutto ci\u00f2 in relazione alle modalit\u00e0 e alle finalit\u00e0 di seguito descritte, compreso l\u2019eventuale comunicazione a Mail Up \u00a0SPA, societ\u00e0 attualmente utilizzata per l\u2019erogazione del servizio privo di spam dell\u2019invio di Newsletter.<\/p>\n<p align=\"justify\">Art. 6 comma 1)<\/p>\n<div align=\"justify\">\n<ul>\n<li>a) l\u2019interessato ha espresso il consenso al trattamento dei propri dati personali per una o pi\u00f9 specifiche finalit\u00e0.<\/li>\n<li>f) il trattamento \u00e8 necessario per il perseguimento del legittimo interesse del titolare del trattamento medesimo.<\/li>\n<\/ul>\n<\/div>\n<p align=\"justify\">Il\u00a0<strong>Titolare del Trattamento<\/strong><\/p>\n<p align=\"justify\">dei suoi dati personali \u00e8 SAITEK SAS di Rulvoni Luca &amp; C, , responsabile del legittimo e corretto uso dei suoi dati personali e che Lei potr\u00e0 contattare per qualsiasi informazione o richiesta ai seguenti recapiti:<\/p>\n<div align=\"justify\">\n<ul>\n<li>+39 3403143681<\/li>\n<li>Mail:<a href=\"mailto:segreteria@ginobaudino.it\">privacy@posizionamentoweb.com<\/a><\/li>\n<\/ul>\n<\/div>\n<p align=\"justify\">FINALIT\u00c0 DEL TRATTAMENTO<\/p>\n<div align=\"justify\">\n<ol>\n<li>Dare seguito alle attivit\u00e0 di informazione commerciale richieste dal soggetto<\/li>\n<li>Gestire, concludere e dare esecuzione del rapporto concordato, incluso ogni adempimento relativo ad<\/li>\n<\/ol>\n<\/div>\n<p align=\"justify\">\u00a0\u00a0\u00a0\u00a0\u00a0\u00a0\u00a0\u00a0\u00a0\u00a0\u00a0\u00a0\u00a0 obblighi fiscali e di contabilit\u00e0;<\/p>\n<div align=\"justify\">\n<ol start=\"3\">\n<li>Gestire ed eseguire le richieste di contatto dell\u2019interessato, le richieste di fornitura di servizi e assistenza.<\/li>\n<li>Per quanto riguarda l\u2019operativit\u00e0 attraverso il sito https:\/\/www.lucarulvoni.iti dati derivanti da implicita trasmissione nell\u2019uso dei protocolli di comunicazione di Internet, attraverso elaborazioni per permettere di identificare gli utenti, indirizzi IP o i nomi a dominio dei computer utilizzati dagli utenti che si connettono al sito, incluso l\u2019orario della richiesta, il metodo utilizzato nel sottoporre la richiesta al server, la dimensione del file ottenuto in risposta. Questi dati vengono raccolti in forma esclusivamente aggregata al fine di verificare il corretto funzionamento del sito, e per motivi di sicurezza, utilizzati al solo fine di ricavare informazioni statistiche anonime sull\u2019uso del sito o per ragioni tecniche di corretto funzionamento;<\/li>\n<li>I dati potrebbero inoltre essere utilizzati per l\u2019accertamento di responsabilit\u00e0 in caso di ipotetici reati informatici ai danni della struttura informatica (legittimi interessi del titolare);<\/li>\n<\/ol>\n<\/div>\n<p align=\"justify\">AMBITO TERRITORIALE<\/p>\n<p align=\"justify\">Il Titolare informa che effettuer\u00e0 il trattamento dei dati conferiti tramite registrazione manuale, prevalentemente in via diretta presso la sede del cliente.<\/p>\n<p align=\"justify\">L\u2019INTERESSATO<\/p>\n<p align=\"justify\">Ai sensi dell\u2019articolo 15 del Regolamento EU 679\/2016 Lei ha diritto di ottenere la conferma dell\u2019esistenza o meno di dati che lo riguardano, ottenere l\u2019indicazione dell\u2019origine e delle finalit\u00e0 e modalit\u00e0 del trattamento, l\u2019aggiornamento, la rettificazione, l\u2019integrazione dei dati, la cancellazione dei dati trattati in violazione di legge e ha diritto di opporsi al trattamento per finalit\u00e0 di invio di materiale pubblicitario.<\/p>\n<p align=\"justify\">ESERCIZIO DEI DIRITTI \u2013 RECLAMO<\/p>\n<p align=\"justify\">\u00c8 possibile esercitare ogni diritto descritto in questa sezione nei confronti del Titolare del trattamento, inviando un\u2019email a privacy@posizionamentoweb.com Le ricordiamo che potremmo chiederle di verificare la sua identit\u00e0 prima di intraprendere ulteriori azioni in base alla sua richiesta. Per esercitare i diritti di cui all\u2019art. 15 del Regolamento EU 679\/2016 pu\u00f2 rivolgersi al Titolare scrivendo a: SAITEK SAS Via Trieste 11 10092 Beinasco (TO), Italy, o inviando una mail a:\u00a0privacy@posizionamentoweb.com<\/p>\n<p align=\"justify\">ACCESSO AI DATI \u2013 PORTABILIT\u00c0<\/p>\n<p align=\"justify\">Ha il diritto di richiedere copie di dati personali che ci ha fornito in un formato strutturato, comunemente usato e leggibile elettronicamente, e\/o richiederci di trasmettere tali informazioni a un altro fornitore di servizi (laddove tecnicamente fattibile).<\/p>\n<p align=\"justify\">DURATA DEL TRATTAMENTO CONSERVAZIONE<\/p>\n<p align=\"justify\">In generale, SAITEK SAS conserva i suoi dati personali per il tempo necessario all\u2019esecuzione di quanto da Lei richiesto, e comunque entro il limite massimo degli anni richiesti di Legge per i documenti cartacei legati a vendite tramite fattura, corrispettivo o per corrispondenza. Tale misura \u00e8 necessaria per assolvere ai nostri obblighi legali e fiscali, nonch\u00e9 per la tutela di dati ed interessi contrattuali. Anche i dati relativi ai lavoratori presso la SAITEK SAS verranno conservati per la durata prescritta dai termine di legge. Trascorsi 24 mesi dal termine di eventuali obbligazioni contrattuali, rimuoveremo i dati personali non diversamente necessari per le normative vigenti.<\/p>\n<p align=\"justify\">RITIRO DEL CONSENSO E LIMITAZIONE DEL TRATTAMENTO DEI DATI PERSONALI<ins data-ad-format=\"auto\" class=\"adsbygoogle adsbygoogle-noablate\" data-ad-client=\"ca-pub-3257585404686372\" data-adsbygoogle-status=\"done\" data-ad-status=\"filled\"><ins id=\"aswift_1_expand\" title=\"Advertisement\" aria-label=\"Advertisement\" tabindex=\"0\"><ins id=\"aswift_1_anchor\"><\/ins><\/ins><\/ins><\/p>\n<p align=\"justify\">E\u2019 possibile in qualsiasi momento revocare il consenso al trattamento dei dati personali inviandoci una comunicazione nella quale specifichi la volont\u00e0 di voler revocare il consenso, oppure procedere direttamente con la disiscrizione ove previsto.<\/p>\n<p align=\"justify\">\n<p align=\"justify\">\n<p align=\"justify\">\n<p align=\"justify\">\n<p align=\"justify\">La revoca del consenso non incide sulla legittimit\u00e0 di qualunque attivit\u00e0 di trattamento basata su di esso prima della sua revoca.<\/p>\n<p>[\/et_pb_text][\/et_pb_column][\/et_pb_row][\/et_pb_section]<\/p>\n","protected":false},"excerpt":{"rendered":"<p>Privacy Policy INFORMATIVA IN MATERIA DI PROTEZIONE DEI DATI PERSONALI Forniamo alcune informazioni relative al trattamento dei Suoi Dati Personali, non solo per ottemperare agli obblighi di legge, ma anche perch\u00e9 la trasparenza e la correttezza sono parte fondante della attivit\u00e0 della SAITEK SAS , anche \u00a0in seno al GDPR 679\/2016. SI INFORMANO GLI UTENTI: [&hellip;]<\/p>\n","protected":false},"author":1,"featured_media":0,"parent":0,"menu_order":0,"comment_status":"closed","ping_status":"open","template":"","meta":{"_acf_changed":false,"_et_pb_use_builder":"on","_et_pb_old_content":"<!-- wp:heading --><h2>Chi siamo<\/h2><!-- \/wp:heading --><!-- wp:paragraph --><p><strong class=\"privacy-policy-tutorial\">Testo suggerito: <\/strong>L'indirizzo del nostro sito web \u00e8: https:\/\/www.lucarulvoni.it\/ottimizzazione-siti-web-wordpress.<\/p><!-- \/wp:paragraph --><!-- wp:heading --><h2>Commenti<\/h2><!-- \/wp:heading --><!-- wp:paragraph --><p><strong class=\"privacy-policy-tutorial\">Testo suggerito: <\/strong>Quando i visitatori lasciano commenti sul sito, raccogliamo i dati mostrati nel modulo dei commenti oltre all'indirizzo IP del visitatore e la stringa dello user agent del browser per facilitare il rilevamento dello spam.<\/p><!-- \/wp:paragraph --><!-- wp:paragraph --><p>Una stringa anonimizzata creata a partire dal tuo indirizzo email (altrimenti detta hash) pu\u00f2 essere fornita al servizio Gravatar per vedere se lo stai usando. La privacy policy del servizio Gravatar \u00e8 disponibile qui: https:\/\/automattic.com\/privacy\/. Dopo l'approvazione del tuo commento, la tua immagine del profilo \u00e8 visibile al pubblico nel contesto del tuo commento.<\/p><!-- \/wp:paragraph --><!-- wp:heading --><h2>Media<\/h2><!-- \/wp:heading --><!-- wp:paragraph --><p><strong class=\"privacy-policy-tutorial\">Testo suggerito: <\/strong>Se carichi immagini sul sito web, dovresti evitare di caricare immagini che includono i dati di posizione incorporati (EXIF GPS). I visitatori del sito web possono scaricare ed estrarre qualsiasi dato sulla posizione dalle immagini sul sito web.<\/p><!-- \/wp:paragraph --><!-- wp:heading --><h2>Cookie<\/h2><!-- \/wp:heading --><!-- wp:paragraph --><p><strong class=\"privacy-policy-tutorial\">Testo suggerito: <\/strong>Se lasci un commento sul nostro sito, puoi scegliere di salvare il tuo nome, indirizzo email e sito web nei cookie. Sono usati per la tua comodit\u00e0 in modo che tu non debba inserire nuovamente i tuoi dati quando lasci un altro commento. Questi cookie dureranno per un anno.<\/p><!-- \/wp:paragraph --><!-- wp:paragraph --><p>Se visiti la pagina di login, verr\u00e0 impostato un cookie temporaneo per determinare se il tuo browser accetta i cookie. Questo cookie non contiene dati personali e viene eliminato quando chiudi il browser.<\/p><!-- \/wp:paragraph --><!-- wp:paragraph --><p>Quando effettui l'accesso, verranno impostati diversi cookie per salvare le tue informazioni di accesso e le tue opzioni di visualizzazione dello schermo. I cookie di accesso durano due giorni mentre i cookie per le opzioni dello schermo durano un anno. Se selezioni &quot;Ricordami&quot;, il tuo accesso persister\u00e0 per due settimane. Se esci dal tuo account, i cookie di accesso verranno rimossi.<\/p><!-- \/wp:paragraph --><!-- wp:paragraph --><p>Se modifichi o pubblichi un articolo, un cookie aggiuntivo verr\u00e0 salvato nel tuo browser. Questo cookie non include dati personali, ma indica semplicemente l'ID dell'articolo appena modificato. Scade dopo 1 giorno.<\/p><!-- \/wp:paragraph --><!-- wp:heading --><h2>Contenuto incorporato da altri siti web<\/h2><!-- \/wp:heading --><!-- wp:paragraph --><p><strong class=\"privacy-policy-tutorial\">Testo suggerito: <\/strong>Gli articoli su questo sito possono includere contenuti incorporati (ad esempio video, immagini, articoli, ecc.). I contenuti incorporati da altri siti web si comportano esattamente allo stesso modo come se il visitatore avesse visitato l'altro sito web.<\/p><!-- \/wp:paragraph --><!-- wp:paragraph --><p>Questi siti web possono raccogliere dati su di te, usare cookie, integrare ulteriori tracciamenti di terze parti e monitorare l'interazione con essi, incluso il tracciamento della tua interazione con il contenuto incorporato se hai un account e sei connesso a quei siti web.<\/p><!-- \/wp:paragraph --><!-- wp:heading --><h2>Con chi condividiamo i tuoi dati<\/h2><!-- \/wp:heading --><!-- wp:paragraph --><p><strong class=\"privacy-policy-tutorial\">Testo suggerito: <\/strong>Se richiedi una reimpostazione della password, il tuo indirizzo IP verr\u00e0 incluso nell'email di reimpostazione.<\/p><!-- \/wp:paragraph --><!-- wp:heading --><h2>Per quanto tempo conserviamo i tuoi dati<\/h2><!-- \/wp:heading --><!-- wp:paragraph --><p><strong class=\"privacy-policy-tutorial\">Testo suggerito: <\/strong>Se lasci un commento, il commento e i relativi metadati vengono conservati a tempo indeterminato. \u00c8 cos\u00ec che possiamo riconoscere e approvare automaticamente eventuali commenti successivi invece di tenerli in una coda di moderazione.<\/p><!-- \/wp:paragraph --><!-- wp:paragraph --><p>Per gli utenti che si registrano sul nostro sito web (se presenti), memorizziamo anche le informazioni personali che forniscono nel loro profilo utente. Tutti gli utenti possono vedere, modificare o cancellare le loro informazioni personali in qualsiasi momento (eccetto il loro nome utente che non possono cambiare). Gli amministratori del sito web possono anche vedere e modificare queste informazioni.<\/p><!-- \/wp:paragraph --><!-- wp:heading --><h2>Quali diritti hai sui tuoi dati<\/h2><!-- \/wp:heading --><!-- wp:paragraph --><p><strong class=\"privacy-policy-tutorial\">Testo suggerito: <\/strong>Se hai un account su questo sito, o hai lasciato commenti, puoi richiedere di ricevere un file esportato dal sito con i dati personali che abbiamo su di te, compresi i dati che ci hai fornito. Puoi anche richiedere che cancelliamo tutti i dati personali che ti riguardano. Questo non include i dati che siamo obbligati a conservare per scopi amministrativi, legali o di sicurezza.<\/p><!-- \/wp:paragraph --><!-- wp:heading --><h2>Dove spediamo i tuoi dati<\/h2><!-- \/wp:heading --><!-- wp:paragraph --><p><strong class=\"privacy-policy-tutorial\">Testo suggerito: <\/strong>I commenti dei visitatori possono essere controllati attraverso un servizio di rilevamento automatico dello spam.<\/p><!-- \/wp:paragraph -->","_et_gb_content_width":"","footnotes":""},"class_list":["post-3","page","type-page","status-publish","hentry"],"acf":[],"yoast_head":"<!-- This site is optimized with the Yoast SEO plugin v23.2 - https:\/\/yoast.com\/wordpress\/plugins\/seo\/ -->\n<title>Privacy policy | Ottimizzazione siti web Wordpress<\/title>\n<meta name=\"robots\" content=\"index, follow, max-snippet:-1, max-image-preview:large, max-video-preview:-1\" \/>\n<link rel=\"canonical\" href=\"https:\/\/www.lucarulvoni.it\/ottimizzazione-siti-web-wordpress\/privacy-policy\/\" \/>\n<meta property=\"og:locale\" content=\"it_IT\" \/>\n<meta property=\"og:type\" content=\"article\" \/>\n<meta property=\"og:title\" content=\"Privacy policy | Ottimizzazione siti web Wordpress\" \/>\n<meta property=\"og:description\" content=\"Privacy Policy INFORMATIVA IN MATERIA DI PROTEZIONE DEI DATI PERSONALI Forniamo alcune informazioni relative al trattamento dei Suoi Dati Personali, non solo per ottemperare agli obblighi di legge, ma anche perch\u00e9 la trasparenza e la correttezza sono parte fondante della attivit\u00e0 della SAITEK SAS , anche \u00a0in seno al GDPR 679\/2016. SI INFORMANO GLI UTENTI: [&hellip;]\" \/>\n<meta property=\"og:url\" content=\"https:\/\/www.lucarulvoni.it\/ottimizzazione-siti-web-wordpress\/privacy-policy\/\" \/>\n<meta property=\"og:site_name\" content=\"Ottimizzazione siti web Wordpress\" \/>\n<meta property=\"article:modified_time\" content=\"2021-11-03T11:00:37+00:00\" \/>\n<meta name=\"twitter:card\" content=\"summary_large_image\" \/>\n<meta name=\"twitter:label1\" content=\"Tempo di lettura stimato\" \/>\n\t<meta name=\"twitter:data1\" content=\"4 minuti\" \/>\n<script type=\"application\/ld+json\" class=\"yoast-schema-graph\">{\"@context\":\"https:\/\/schema.org\",\"@graph\":[{\"@type\":\"WebPage\",\"@id\":\"https:\/\/www.lucarulvoni.it\/ottimizzazione-siti-web-wordpress\/privacy-policy\/\",\"url\":\"https:\/\/www.lucarulvoni.it\/ottimizzazione-siti-web-wordpress\/privacy-policy\/\",\"name\":\"Privacy policy | Ottimizzazione siti web Wordpress\",\"isPartOf\":{\"@id\":\"https:\/\/www.lucarulvoni.it\/ottimizzazione-siti-web-wordpress\/#website\"},\"datePublished\":\"2021-11-01T16:05:48+00:00\",\"dateModified\":\"2021-11-03T11:00:37+00:00\",\"breadcrumb\":{\"@id\":\"https:\/\/www.lucarulvoni.it\/ottimizzazione-siti-web-wordpress\/privacy-policy\/#breadcrumb\"},\"inLanguage\":\"it-IT\",\"potentialAction\":[{\"@type\":\"ReadAction\",\"target\":[\"https:\/\/www.lucarulvoni.it\/ottimizzazione-siti-web-wordpress\/privacy-policy\/\"]}]},{\"@type\":\"BreadcrumbList\",\"@id\":\"https:\/\/www.lucarulvoni.it\/ottimizzazione-siti-web-wordpress\/privacy-policy\/#breadcrumb\",\"itemListElement\":[{\"@type\":\"ListItem\",\"position\":1,\"name\":\"Home\",\"item\":\"https:\/\/www.lucarulvoni.it\/ottimizzazione-siti-web-wordpress\/\"},{\"@type\":\"ListItem\",\"position\":2,\"name\":\"Privacy policy\"}]},{\"@type\":\"WebSite\",\"@id\":\"https:\/\/www.lucarulvoni.it\/ottimizzazione-siti-web-wordpress\/#website\",\"url\":\"https:\/\/www.lucarulvoni.it\/ottimizzazione-siti-web-wordpress\/\",\"name\":\"Ottimizzazione siti web Wordpress\",\"description\":\"Un nuovo sito targato WordPress\",\"publisher\":{\"@id\":\"https:\/\/www.lucarulvoni.it\/ottimizzazione-siti-web-wordpress\/#organization\"},\"potentialAction\":[{\"@type\":\"SearchAction\",\"target\":{\"@type\":\"EntryPoint\",\"urlTemplate\":\"https:\/\/www.lucarulvoni.it\/ottimizzazione-siti-web-wordpress\/?s={search_term_string}\"},\"query-input\":\"required name=search_term_string\"}],\"inLanguage\":\"it-IT\"},{\"@type\":\"Organization\",\"@id\":\"https:\/\/www.lucarulvoni.it\/ottimizzazione-siti-web-wordpress\/#organization\",\"name\":\"Luca Rulvoni\",\"url\":\"https:\/\/www.lucarulvoni.it\/ottimizzazione-siti-web-wordpress\/\",\"logo\":{\"@type\":\"ImageObject\",\"inLanguage\":\"it-IT\",\"@id\":\"https:\/\/www.lucarulvoni.it\/ottimizzazione-siti-web-wordpress\/#\/schema\/logo\/image\/\",\"url\":\"https:\/\/www.lucarulvoni.it\/ottimizzazione-siti-web-wordpress\/wp-content\/uploads\/2021\/11\/ottimizzaione-siti-wordpress.png\",\"contentUrl\":\"https:\/\/www.lucarulvoni.it\/ottimizzazione-siti-web-wordpress\/wp-content\/uploads\/2021\/11\/ottimizzaione-siti-wordpress.png\",\"width\":130,\"height\":33,\"caption\":\"Luca Rulvoni\"},\"image\":{\"@id\":\"https:\/\/www.lucarulvoni.it\/ottimizzazione-siti-web-wordpress\/#\/schema\/logo\/image\/\"}}]}<\/script>\n<!-- \/ Yoast SEO plugin. -->","yoast_head_json":{"title":"Privacy policy | Ottimizzazione siti web Wordpress","robots":{"index":"index","follow":"follow","max-snippet":"max-snippet:-1","max-image-preview":"max-image-preview:large","max-video-preview":"max-video-preview:-1"},"canonical":"https:\/\/www.lucarulvoni.it\/ottimizzazione-siti-web-wordpress\/privacy-policy\/","og_locale":"it_IT","og_type":"article","og_title":"Privacy policy | Ottimizzazione siti web Wordpress","og_description":"Privacy Policy INFORMATIVA IN MATERIA DI PROTEZIONE DEI DATI PERSONALI Forniamo alcune informazioni relative al trattamento dei Suoi Dati Personali, non solo per ottemperare agli obblighi di legge, ma anche perch\u00e9 la trasparenza e la correttezza sono parte fondante della attivit\u00e0 della SAITEK SAS , anche \u00a0in seno al GDPR 679\/2016. SI INFORMANO GLI UTENTI: [&hellip;]","og_url":"https:\/\/www.lucarulvoni.it\/ottimizzazione-siti-web-wordpress\/privacy-policy\/","og_site_name":"Ottimizzazione siti web Wordpress","article_modified_time":"2021-11-03T11:00:37+00:00","twitter_card":"summary_large_image","twitter_misc":{"Tempo di lettura stimato":"4 minuti"},"schema":{"@context":"https:\/\/schema.org","@graph":[{"@type":"WebPage","@id":"https:\/\/www.lucarulvoni.it\/ottimizzazione-siti-web-wordpress\/privacy-policy\/","url":"https:\/\/www.lucarulvoni.it\/ottimizzazione-siti-web-wordpress\/privacy-policy\/","name":"Privacy policy | Ottimizzazione siti web Wordpress","isPartOf":{"@id":"https:\/\/www.lucarulvoni.it\/ottimizzazione-siti-web-wordpress\/#website"},"datePublished":"2021-11-01T16:05:48+00:00","dateModified":"2021-11-03T11:00:37+00:00","breadcrumb":{"@id":"https:\/\/www.lucarulvoni.it\/ottimizzazione-siti-web-wordpress\/privacy-policy\/#breadcrumb"},"inLanguage":"it-IT","potentialAction":[{"@type":"ReadAction","target":["https:\/\/www.lucarulvoni.it\/ottimizzazione-siti-web-wordpress\/privacy-policy\/"]}]},{"@type":"BreadcrumbList","@id":"https:\/\/www.lucarulvoni.it\/ottimizzazione-siti-web-wordpress\/privacy-policy\/#breadcrumb","itemListElement":[{"@type":"ListItem","position":1,"name":"Home","item":"https:\/\/www.lucarulvoni.it\/ottimizzazione-siti-web-wordpress\/"},{"@type":"ListItem","position":2,"name":"Privacy policy"}]},{"@type":"WebSite","@id":"https:\/\/www.lucarulvoni.it\/ottimizzazione-siti-web-wordpress\/#website","url":"https:\/\/www.lucarulvoni.it\/ottimizzazione-siti-web-wordpress\/","name":"Ottimizzazione siti web Wordpress","description":"Un nuovo sito targato WordPress","publisher":{"@id":"https:\/\/www.lucarulvoni.it\/ottimizzazione-siti-web-wordpress\/#organization"},"potentialAction":[{"@type":"SearchAction","target":{"@type":"EntryPoint","urlTemplate":"https:\/\/www.lucarulvoni.it\/ottimizzazione-siti-web-wordpress\/?s={search_term_string}"},"query-input":"required name=search_term_string"}],"inLanguage":"it-IT"},{"@type":"Organization","@id":"https:\/\/www.lucarulvoni.it\/ottimizzazione-siti-web-wordpress\/#organization","name":"Luca Rulvoni","url":"https:\/\/www.lucarulvoni.it\/ottimizzazione-siti-web-wordpress\/","logo":{"@type":"ImageObject","inLanguage":"it-IT","@id":"https:\/\/www.lucarulvoni.it\/ottimizzazione-siti-web-wordpress\/#\/schema\/logo\/image\/","url":"https:\/\/www.lucarulvoni.it\/ottimizzazione-siti-web-wordpress\/wp-content\/uploads\/2021\/11\/ottimizzaione-siti-wordpress.png","contentUrl":"https:\/\/www.lucarulvoni.it\/ottimizzazione-siti-web-wordpress\/wp-content\/uploads\/2021\/11\/ottimizzaione-siti-wordpress.png","width":130,"height":33,"caption":"Luca Rulvoni"},"image":{"@id":"https:\/\/www.lucarulvoni.it\/ottimizzazione-siti-web-wordpress\/#\/schema\/logo\/image\/"}}]}},"_links":{"self":[{"href":"https:\/\/www.lucarulvoni.it\/ottimizzazione-siti-web-wordpress\/wp-json\/wp\/v2\/pages\/3","targetHints":{"allow":["GET"]}}],"collection":[{"href":"https:\/\/www.lucarulvoni.it\/ottimizzazione-siti-web-wordpress\/wp-json\/wp\/v2\/pages"}],"about":[{"href":"https:\/\/www.lucarulvoni.it\/ottimizzazione-siti-web-wordpress\/wp-json\/wp\/v2\/types\/page"}],"author":[{"embeddable":true,"href":"https:\/\/www.lucarulvoni.it\/ottimizzazione-siti-web-wordpress\/wp-json\/wp\/v2\/users\/1"}],"replies":[{"embeddable":true,"href":"https:\/\/www.lucarulvoni.it\/ottimizzazione-siti-web-wordpress\/wp-json\/wp\/v2\/comments?post=3"}],"version-history":[{"count":3,"href":"https:\/\/www.lucarulvoni.it\/ottimizzazione-siti-web-wordpress\/wp-json\/wp\/v2\/pages\/3\/revisions"}],"predecessor-version":[{"id":38,"href":"https:\/\/www.lucarulvoni.it\/ottimizzazione-siti-web-wordpress\/wp-json\/wp\/v2\/pages\/3\/revisions\/38"}],"wp:attachment":[{"href":"https:\/\/www.lucarulvoni.it\/ottimizzazione-siti-web-wordpress\/wp-json\/wp\/v2\/media?parent=3"}],"curies":[{"name":"wp","href":"https:\/\/api.w.org\/{rel}","templated":true}]}}